{"id":328,"date":"2015-06-23T22:23:09","date_gmt":"2015-06-23T20:23:09","guid":{"rendered":"http:\/\/www.ksup.ch\/en\/?page_id=328"},"modified":"2022-10-31T07:01:20","modified_gmt":"2022-10-31T06:01:20","slug":"travel-law","status":"publish","type":"page","link":"https:\/\/www.ksup.ch\/en\/travel-law\/","title":{"rendered":"Travel &#038; Law"},"content":{"rendered":"\n<style type=\"text\/css\" data-created_by=\"avia_inline_auto\" id=\"style-css-av-av_heading-563c8572ba5d9e0ee993a0523037e9ec\">\n#top .av-special-heading.av-av_heading-563c8572ba5d9e0ee993a0523037e9ec{\npadding-bottom:36px;\n}\nbody .av-special-heading.av-av_heading-563c8572ba5d9e0ee993a0523037e9ec .av-special-heading-tag .heading-char{\nfont-size:25px;\n}\n.av-special-heading.av-av_heading-563c8572ba5d9e0ee993a0523037e9ec .av-subheading{\nfont-size:15px;\n}\n<\/style>\n<div  class='av-special-heading av-av_heading-563c8572ba5d9e0ee993a0523037e9ec av-special-heading-h1  avia-builder-el-0  el_before_av_two_fifth  avia-builder-el-first '><h1 class='av-special-heading-tag '  itemprop=\"headline\"  >Travel <span class='special_amp'>&amp;<\/span> Law<\/h1><div class=\"special-heading-border\"><div class=\"special-heading-inner-border\"><\/div><\/div><\/div>\n<div  class='flex_column av-av_two_fifth-2a9015ff38129c418a3f2eafba3e9512 av_two_fifth  avia-builder-el-1  el_after_av_heading  el_before_av_two_fifth  first flex_column_div  '     ><section  class='av_textblock_section av-av_textblock-0366cc7376be6c9e82a3e9cc8987b64f '   itemscope=\"itemscope\" itemtype=\"https:\/\/schema.org\/CreativeWork\" ><div class='avia_textblock'  itemprop=\"text\" ><p>Seeking out new tourist locations as a backdrop for refreshing the soul is a wonderful thing. Putting one\u2019s personal human existence and pursuits in perspective on remote shores can also be more productive than is often the case in the midst of hectic daily activities at home. With careful planning, a trip also promotes mutual understanding of different peoples and cultures.<\/p>\n<p>For me as a guest in my home country and abroad, important aspects of traveling include a modicum of self-denial when it comes to making demands, and taking personal responsibility for everything one does as a tourist. In other respects, professionals may be able to guarantee high-quality travel arrangements, in which case I am happy to forego long searches and planning on the Internet.<\/p>\n<p><a href=\"http:\/\/www.ksup.ch\/en\/partners\/peter-krepper\/\">Dr. Peter Krepper<\/a> as our consultant in the travel industry and as workshop trainer <a href=\"http:\/\/www.ksup.ch\/wp-content\/uploads\/2015\/07\/Prospekt_Tourismusrecht_Reisebueros.pdf\">(Manual of Tourism Law)<\/a>, advocates professionalism in the provision and organization of tourist services. In addition to national and international tourism and travel law, it is also a matter of conflict prevention and as an option, CSR (Corporate Social Responsibility) adapted to the travel company.<\/p>\n<p>You will find newsworthy topics in tourism in Travel Inside inserted.<\/p>\n<\/div><\/section><\/div>\n\n<style type=\"text\/css\" data-created_by=\"avia_inline_auto\" id=\"style-css-av-av_two_fifth-9c1d454dc06f7247226bc4e8f931daae\">\n.flex_column.av-av_two_fifth-9c1d454dc06f7247226bc4e8f931daae{\nborder-radius:0px 0px 0px 0px;\npadding:0px 0px 0px 0px;\n}\n<\/style>\n<div  class='flex_column av-av_two_fifth-9c1d454dc06f7247226bc4e8f931daae av_two_fifth  avia-builder-el-3  el_after_av_two_fifth  el_before_av_one_fifth  flex_column_div av-zero-column-padding  '     ><section  class='av_textblock_section av-jqyvbyaw-4e92e65af434cb5f331d65723d4de3fd '   itemscope=\"itemscope\" itemtype=\"https:\/\/schema.org\/CreativeWork\" ><div class='avia_textblock'  itemprop=\"text\" ><h2>\u00abLegal Matters\u00bb<\/h2>\n<p><strong>2020<\/strong><\/p>\n<ul>\n<li><a href=\"https:\/\/www.ksup.ch\/wp-content\/uploads\/2020\/11\/201122-TI_LegalMatters_Das-Reisebuero-Sozialamtsprodukt.pdf\">Das Reiseb\u00fcro-Sozialamtsprodukt<\/a> (Travel Inside vom 22.11.2020 )<\/li>\n<li><a href=\"https:\/\/www.ksup.ch\/wp-content\/uploads\/2020\/08\/200819-Legal-Matters_wie-unser-recht-auf-reisen-geht.pdf\">Wie unser Recht auf Reisen geht<\/a> (Travel Inside News vom 19.08.2020 )<\/li>\n<li><a href=\"https:\/\/www.ksup.ch\/wp-content\/uploads\/2020\/06\/Legal-Matters_-\u00abFerien\u2026-alles-vergessen\u00bb-TRAVEL-INSIDE.pdf\">Ferien&#8230;-alles vergessen<\/a> (Travel Inside News vom 08.06.2020 )<\/li>\n<li><a href=\"https:\/\/www.ksup.ch\/wp-content\/uploads\/2020\/03\/200326-TI_LegalMatters_Hoehere-Gewalt-Pandemie-Massnahmen_Annullation.pdf\">&#8220;H\u00f6here Gewalt&#8221;? &#8211; Pandemie-Massnahmen sind keine Annullation nach PauRG<\/a> (Travel Inside 26. M\u00e4rz 2020)<\/li>\n<\/ul>\n<p><strong>2019<\/strong><\/p>\n<ul>\n<li><a href=\"https:\/\/www.ksup.ch\/wp-content\/uploads\/2019\/12\/191128-TI_LegalMatters_Busschlittelfahrereien.pdf\">Busschlittelfahrereien <\/a> (Travel Inside 28. November 2019)<\/li>\n<li><a href=\"https:\/\/www.ksup.ch\/wp-content\/uploads\/2019\/09\/190905-TI_LegalMatters_Plattform_ohne_Haftung.pdf\">Plattform ohne Haftung<\/a> (Travel Inside 5. September 2019)<\/li>\n<li><a href=\"https:\/\/www.ksup.ch\/wp-content\/uploads\/2019\/07\/Neue_Z\u00fcrcher_Zeitung_20190715_Seite_11-109141.pdf\">Viele ungel\u00f6ste Rechtsfragen rund ums Reisen<\/a> (NZZ 15. Juli 2019)<\/li>\n<li><a href=\"https:\/\/www.ksup.ch\/wp-content\/uploads\/2019\/06\/190613-TI_Legal-Matters_Schiffe-versenken-Krisenmanagement.pdf\">Schiffe versenken &#8211; Krisenmanagement parat?<\/a> (Travel Inside 13. Juni 2019)<\/li>\n<li><a href=\"https:\/\/www.ksup.ch\/wp-content\/uploads\/2019\/04\/190418-TI_LegalMatters_Mikrotourismus-Zeitgeist-Recht.pdf\">Mikrotourismus &#8211; Zeitgeist und Recht<\/a> (Travel Inside 18. April 2019)<\/li>\n<\/ul>\n<p><strong>2018<\/strong><\/p>\n<ul>\n<li><a href=\"https:\/\/www.ksup.ch\/wp-content\/uploads\/2018\/10\/181018-TI-Legal-Matters-Flitterwochen_Ozeanfuenfliber.pdf\">Von Flitterwochen und Ozeanf\u00fcnflibern<\/a> (Travel Inside 18. Oktober 2018)<\/li>\n<li><a href=\"https:\/\/www.ksup.ch\/wp-content\/uploads\/2018\/09\/180830-TI_Legal-Matters_Overtourismus-Recht.pdf\">Overtourismus-Recht?<\/a> (Travel Inside 30. August 2018)<\/li>\n<li><a href=\"https:\/\/www.ksup.ch\/wp-content\/uploads\/2018\/06\/180531-TI_Legal-Matters_EU-DSGVO_CH-DSG.pdf\">EU-DSGVO &amp; CH-DSG &amp; Co. ?!?!?<\/a> (Travel Inside 31. Mai 2018)<\/li>\n<li><a href=\"https:\/\/www.ksup.ch\/wp-content\/uploads\/2018\/04\/180412-TI_LegalMatters_Jahresrechnungen-1.pdf\">Jahresrechnungen f\u00fcr die Reisegarantie &#8211; alle Jahre wieder<\/a> (Travel Inside 12. April 2018)<\/li>\n<\/ul>\n<p><strong>2017<\/strong><\/p>\n<ul>\n<li><a href=\"https:\/\/www.ksup.ch\/wp-content\/uploads\/2017\/10\/12.10.17-TI_LegalMatters_Unternehmensnachfolge-im-Haus.pdf\">Unternehmensnachfolge im Haus<\/a> (Travel Inside 12. Oktober 2017)<\/li>\n<li><a href=\"http:\/\/www.ksup.ch\/wp-content\/uploads\/2017\/08\/170817-TI_LegalMatters_Arbeitsrecht-im-Reisebuero.pdf\">Arbeitsrecht im Reiseb\u00fcro<\/a> (Travel Inside 17. August 2017)<\/li>\n<li><a href=\"http:\/\/www.ksup.ch\/wp-content\/uploads\/2017\/05\/170518-TI_LegalMatters_AGBvsKonsumentenschutz.pdf\">AGB versus Konsumentenschutz?<\/a> (Travel Inside 18. Mai 2017)<\/li>\n<li><a href=\"https:\/\/www.ksup.ch\/wp-content\/uploads\/2018\/10\/170330-TI_LegalMatters_Rechtsschutz-f\u00fcr-Reisebueros.pdf\">Rechtsschutz f\u00fcr Reiseb\u00fcros<\/a> (Travel Inside 30. M\u00e4rz 2017)<\/li>\n<li><a href=\"http:\/\/www.ksup.ch\/wp-content\/uploads\/2017\/03\/170302_Freie_Fahrt_Uber_u._Co.pdf\">Freie Fahrt f\u00fcr Uber &amp; Co.?<\/a> (travelnews.ch 2. M\u00e4rz 2017)<\/li>\n<li><a href=\"http:\/\/www.ksup.ch\/wp-content\/uploads\/2017\/01\/170126-TI_LegalMatters_Konsumentenschutz_Flugreisen.pdf\">Konsumentenschutz f\u00fcr Flugreisen?<\/a> (Travel Inside 26. Januar 2017)<\/li>\n<\/ul>\n<p><strong>2016<\/strong><\/p>\n<ul>\n<li><a href=\"https:\/\/www.ksup.ch\/wp-content\/uploads\/2018\/10\/161208-TI_LegalMatters_Konsumentenschutz_Geschaeftsreisen.pdf\">Konsumentenschutz f\u00fcr Gesch\u00e4ftsreisen?<\/a> (Travel Inside 8. Dezember 2016)<\/li>\n<li><a href=\"https:\/\/www.travelnews.ch\/rail-road\/3851-fernbusse-und-andere-grenzueberschreitungen.html\" target=\"_blank\" rel=\"noopener noreferrer\">Fernbusse und andere Grenz\u00fcberschreitungen<\/a> (travelnews.ch 25. Oktober 2016)<\/li>\n<li><a href=\"http:\/\/www.ksup.ch\/wp-content\/uploads\/2016\/10\/161024_Die-CH-als-einig-Tourismusland.pdf\">Die Confoederatio Helvetica als einig Tourismusland<\/a> (travelnews.ch 24. Oktober 2016)<\/li>\n<li><a href=\"http:\/\/www.ksup.ch\/wp-content\/uploads\/2016\/10\/160929-TI_LegalMatters_Unternehmensnachfolge.pdf\">Unternehmensnachfolge: Eine Fortsetzungsstory<\/a> (Travel Inside 29. September 2016)<\/li>\n<li><a href=\"https:\/\/www.ksup.ch\/wp-content\/uploads\/2018\/10\/160811-TI_LegalMatters_Beratungsgebuehr-Trinkgeld.pdf\">Beratungsgeb\u00fchr, Trinkgeld &amp; Co.<\/a> (Travel Inside 11. August 2016)<\/li>\n<li><a href=\"http:\/\/www.ksup.ch\/wp-content\/uploads\/2016\/05\/160526-TI_LegalMatters_Reiseleitung-rechtsfreier_Raum.pdf\">Reiseleitung im rechtsfreien Raum?<\/a> (Travel Inside 26. Mai 2016)<\/li>\n<li><a href=\"http:\/\/www.ksup.ch\/wp-content\/uploads\/2016\/04\/160310-TI_LegalMatters_Preisbekanntgabe.pdf\">Zum Dauerbrenner Preisbekanntgabe<\/a> (Travel Inside 10. M\u00e4rz 2016)<\/li>\n<li><a href=\"http:\/\/www.ksup.ch\/wp-content\/uploads\/2016\/04\/160114-TI_LegalMatters_Gesetze-Vertraege-sind-einzuhalten.pdf\">Gesetze sind einzuhalten \u2013 Vertr\u00e4ge ebenso<\/a> (Travel Inside 14. Januar 2016)<\/li>\n<\/ul>\n<p><strong>2015<\/strong><\/p>\n<ul>\n<li><a href=\"http:\/\/www.ksup.ch\/wp-content\/uploads\/2016\/04\/151203-TI_LegalMatters_Annullationskosten.pdf\">Annullationskosten nach Terroranschlag<\/a> (Travel Inside 3. Dezember 2015)<\/li>\n<li><a href=\"http:\/\/www.ksup.ch\/wp-content\/uploads\/2016\/04\/151022-T_LegalMatters_Reisegarantie.pdf\">Reisegarantie als fragw\u00fcrdige Zwangsversicherung<\/a> (Travel Inside 22. Oktober 2015)<\/li>\n<li><a href=\"http:\/\/www.ksup.ch\/wp-content\/uploads\/2016\/04\/150924-TI_LegalMatters_Sicher.pdf\">Sind Sie sicher?<\/a> (Travel Inside 24. September 2015)<\/li>\n<li><a href=\"http:\/\/www.ksup.ch\/wp-content\/uploads\/2016\/04\/150827-TI_LegalMatters_Bildnis.pdf\">Du sollst dir ein Bildnis machen!<\/a> (Travel Inside 27. August 2015)<\/li>\n<li><a href=\"http:\/\/www.ksup.ch\/wp-content\/uploads\/2016\/04\/150723-TI_LegalMatters_Kunde-Stornowesen.pdf\">K\u00f6nig Kunde und das Stornowesen<\/a> (Travel Inside 23. Juli 2015)<\/li>\n<li><a href=\"http:\/\/www.ksup.ch\/wp-content\/uploads\/2016\/04\/150611-TI_LegalMatters_UntNachfolge.pdf\">Unternehmens-Nachfolge oder Verkauf?<\/a> (Travel Inside 11. Juni 2015)<\/li>\n<li><a href=\"http:\/\/www.ksup.ch\/wp-content\/uploads\/2016\/04\/150514-TI_LegaMatters_Reisebueros-in-Wechselkursfalle.pdf\">Reiseb\u00fcros in der Wechselkursfalle<\/a> (Travel Inside 14. Mai 2015)<\/li>\n<li><a href=\"http:\/\/www.ksup.ch\/wp-content\/uploads\/2016\/04\/150416-TI_LegalMatters_Fluggastrechte.pdf\">Fluggastrechte: Was muss das Reiseb\u00fcro wissen?<\/a> (Travel Inside 16. April 2015)<\/li>\n<li><a href=\"http:\/\/www.ksup.ch\/wp-content\/uploads\/2016\/04\/150326-TI_LegalMatters_Widerruf-bei-OnlineR.pdf\">Widerrufsrecht f\u00fcr online gebuchte Reisen?<\/a> (Travel Inside 26. M\u00e4rz 2015)<\/li>\n<li><a href=\"http:\/\/www.ksup.ch\/wp-content\/uploads\/2016\/04\/150219-TI_LegalMatters_Schiffsreisen.pdf\">Salmonellen auf hoher See: Wer haftet?<\/a> (Travel Inside 19 Februar 2015)<\/li>\n<li><a href=\"http:\/\/www.ksup.ch\/wp-content\/uploads\/2016\/04\/150122-TI_LegalMatters_Behinderte-Reisen.pdf\">Reisen f\u00fcr behinderte Menschen &#8211; was zu beachten ist<\/a> (Travel Inside 22. Januar 2015)<\/li>\n<\/ul>\n<p><strong>2014<\/strong><\/p>\n<ul>\n<li><a href=\"http:\/\/www.ksup.ch\/wp-content\/uploads\/2016\/04\/141211-TI_LegalMatters_RisikoaktivitaetenReisebueros.pdf\">Outdoor-Risikoaktivit\u00e4ten: f\u00fcr Reiseb\u00fcros riskant<\/a> (Travel Inside 11. Dezember 2014)<\/li>\n<li><a href=\"http:\/\/www.ksup.ch\/wp-content\/uploads\/2016\/04\/141113-TI_LegalMatters_Entgangene-Urlaubsfreude.pdf\">Entgangene Urlaubsfreude: Praxis Schweiz<\/a> (Travel Inside 13. November 2014)<\/li>\n<li><a href=\"http:\/\/www.ksup.ch\/wp-content\/uploads\/2016\/04\/141016-TI_LegalMatters_Arbeitsrecht-Fuehrungsinstrument.pdf\">Arbeitsrecht als F\u00fchrungsinstrument im Reiseb\u00fcro<\/a> (Travel Inside 16. Oktober 2014)<\/li>\n<li><a href=\"http:\/\/www.ksup.ch\/wp-content\/uploads\/2016\/04\/140918-TI_LegalMatters_B2B-Konfliktmanagement.pdf\">B2B-Konfliktmanagement<\/a> (Travel Inside 18. September 2014)<\/li>\n<li><a href=\"http:\/\/www.ksup.ch\/wp-content\/uploads\/2016\/04\/140821-TI_LegalMatters_BaukastenDurchklick.pdf\">Baukasten- &amp; Durchklick-Pauschalreisen<\/a> (Travel Inside 21. August 2014)<\/li>\n<li><a href=\"http:\/\/www.ksup.ch\/wp-content\/uploads\/2016\/04\/140724-TI_LegalMatters_FremdeRichter.pdf\">Fremde Richter gegen Schweizer Reiseb\u00fcros<\/a> (Travel Inside 24. Juli 2014)<\/li>\n<li><a href=\"http:\/\/www.ksup.ch\/wp-content\/uploads\/2016\/04\/140619-TI_LegalMatters_AGB-ein-weites-Feld.pdf\">AGB: ein weites Feld \u2013 was ist zu beachten?<\/a> (Travel Inside 19. Juni 2014)<\/li>\n<li><a href=\"http:\/\/www.ksup.ch\/wp-content\/uploads\/2016\/04\/140522-TI_LegalMatters_RechtlicheFallen.pdf\">Rechtliche Fallen im Online-Handel<\/a> (Travel Inside 22. Mai 2014)<\/li>\n<\/ul>\n<\/div><\/section><\/div>\n\n<style type=\"text\/css\" data-created_by=\"avia_inline_auto\" id=\"style-css-av-av_one_fifth-0aa7055fe62c3622faec82866afbaeb2\">\n.flex_column.av-av_one_fifth-0aa7055fe62c3622faec82866afbaeb2{\nborder-radius:0px 0px 0px 0px;\npadding:0px 0px 0px 0px;\n}\n<\/style>\n<div  class='flex_column av-av_one_fifth-0aa7055fe62c3622faec82866afbaeb2 av_one_fifth  avia-builder-el-5  el_after_av_two_fifth  avia-builder-el-last  flex_column_div av-zero-column-padding  '     ><section  class='av_textblock_section av-l9wdhx7x-dddb6115dc91f15fdc4bbef0d85444df '   itemscope=\"itemscope\" itemtype=\"https:\/\/schema.org\/CreativeWork\" ><div class='avia_textblock'  itemprop=\"text\" ><p><a href=\"https:\/\/www.ksup.ch\/wp-content\/uploads\/2022\/10\/handbuch_tourismusrecht_auflage3.jpg\"><img loading=\"lazy\" decoding=\"async\" class=\"alignnone size-full wp-image-6939\" style=\"padding-left: 15%; padding-right: 15%;\" src=\"https:\/\/www.ksup.ch\/wp-content\/uploads\/2022\/10\/handbuch_tourismusrecht_auflage3.jpg\" alt=\"Handbuch Tourismusrecht (Book Cover)\" width=\"800\" height=\"1332\" srcset=\"https:\/\/www.ksup.ch\/wp-content\/uploads\/2022\/10\/handbuch_tourismusrecht_auflage3.jpg 800w, https:\/\/www.ksup.ch\/wp-content\/uploads\/2022\/10\/handbuch_tourismusrecht_auflage3-180x300.jpg 180w, https:\/\/www.ksup.ch\/wp-content\/uploads\/2022\/10\/handbuch_tourismusrecht_auflage3-619x1030.jpg 619w, https:\/\/www.ksup.ch\/wp-content\/uploads\/2022\/10\/handbuch_tourismusrecht_auflage3-768x1279.jpg 768w, https:\/\/www.ksup.ch\/wp-content\/uploads\/2022\/10\/handbuch_tourismusrecht_auflage3-423x705.jpg 423w, https:\/\/www.ksup.ch\/wp-content\/uploads\/2022\/10\/handbuch_tourismusrecht_auflage3-450x749.jpg 450w\" sizes=\"auto, (max-width: 800px) 100vw, 800px\" \/><\/a><\/p>\n<p>Handbuch Tourismusrecht \u2013 f\u00fcr Studium und Praxis<br \/>\nDr. iur. Peter Krepper<br \/>\n3rd edition<br \/>\nSchulthess 2022<br \/>\n288 pages, paperback<br \/>\nCHF 98.\u2014<\/p>\n<p><a href=\"https:\/\/www.ksup.ch\/wp-content\/uploads\/2022\/10\/Handbuch_Tourismusrecht_Peter_Krepper_3_Auflage.pdf\">Flyer \u00abHandbuch Tourismusrecht\u00bb (in German)<\/a><\/p>\n<\/div><\/section><\/div>\n","protected":false},"excerpt":{"rendered":"","protected":false},"author":8,"featured_media":0,"parent":0,"menu_order":53,"comment_status":"closed","ping_status":"closed","template":"","meta":{"footnotes":""},"class_list":["post-328","page","type-page","status-publish","hentry"],"yoast_head":"<!-- This site is optimized with the Yoast SEO plugin v27.4 - https:\/\/yoast.com\/product\/yoast-seo-wordpress\/ -->\n<title>Travel &amp; Law - Krepper Spring Partner<\/title>\n<meta name=\"robots\" content=\"index, follow, max-snippet:-1, max-image-preview:large, max-video-preview:-1\" \/>\n<link rel=\"canonical\" href=\"https:\/\/www.ksup.ch\/en\/travel-law\/\" \/>\n<meta property=\"og:locale\" content=\"en_US\" \/>\n<meta property=\"og:type\" content=\"article\" \/>\n<meta property=\"og:title\" content=\"Travel &amp; Law - Krepper Spring Partner\" \/>\n<meta property=\"og:url\" content=\"https:\/\/www.ksup.ch\/en\/travel-law\/\" \/>\n<meta property=\"og:site_name\" content=\"Krepper Spring Partner\" \/>\n<meta property=\"article:modified_time\" content=\"2022-10-31T06:01:20+00:00\" \/>\n<meta property=\"og:image\" content=\"https:\/\/www.ksup.ch\/wp-content\/uploads\/2022\/10\/handbuch_tourismusrecht_auflage3.jpg\" \/>\n<meta name=\"twitter:card\" content=\"summary_large_image\" \/>\n<meta name=\"twitter:label1\" content=\"Est. reading time\" \/>\n\t<meta name=\"twitter:data1\" content=\"4 minutes\" \/>\n<script type=\"application\/ld+json\" class=\"yoast-schema-graph\">{\"@context\":\"https:\\\/\\\/schema.org\",\"@graph\":[{\"@type\":\"WebPage\",\"@id\":\"https:\\\/\\\/www.ksup.ch\\\/en\\\/travel-law\\\/\",\"url\":\"https:\\\/\\\/www.ksup.ch\\\/en\\\/travel-law\\\/\",\"name\":\"Travel & Law - Krepper Spring Partner\",\"isPartOf\":{\"@id\":\"https:\\\/\\\/www.ksup.ch\\\/en\\\/#website\"},\"primaryImageOfPage\":{\"@id\":\"https:\\\/\\\/www.ksup.ch\\\/en\\\/travel-law\\\/#primaryimage\"},\"image\":{\"@id\":\"https:\\\/\\\/www.ksup.ch\\\/en\\\/travel-law\\\/#primaryimage\"},\"thumbnailUrl\":\"https:\\\/\\\/www.ksup.ch\\\/wp-content\\\/uploads\\\/2022\\\/10\\\/handbuch_tourismusrecht_auflage3.jpg\",\"datePublished\":\"2015-06-23T20:23:09+00:00\",\"dateModified\":\"2022-10-31T06:01:20+00:00\",\"breadcrumb\":{\"@id\":\"https:\\\/\\\/www.ksup.ch\\\/en\\\/travel-law\\\/#breadcrumb\"},\"inLanguage\":\"en-US\",\"potentialAction\":[{\"@type\":\"ReadAction\",\"target\":[\"https:\\\/\\\/www.ksup.ch\\\/en\\\/travel-law\\\/\"]}]},{\"@type\":\"ImageObject\",\"inLanguage\":\"en-US\",\"@id\":\"https:\\\/\\\/www.ksup.ch\\\/en\\\/travel-law\\\/#primaryimage\",\"url\":\"https:\\\/\\\/www.ksup.ch\\\/wp-content\\\/uploads\\\/2022\\\/10\\\/handbuch_tourismusrecht_auflage3.jpg\",\"contentUrl\":\"https:\\\/\\\/www.ksup.ch\\\/wp-content\\\/uploads\\\/2022\\\/10\\\/handbuch_tourismusrecht_auflage3.jpg\"},{\"@type\":\"BreadcrumbList\",\"@id\":\"https:\\\/\\\/www.ksup.ch\\\/en\\\/travel-law\\\/#breadcrumb\",\"itemListElement\":[{\"@type\":\"ListItem\",\"position\":1,\"name\":\"Home\",\"item\":\"https:\\\/\\\/www.ksup.ch\\\/en\\\/\"},{\"@type\":\"ListItem\",\"position\":2,\"name\":\"Travel &#038; Law\"}]},{\"@type\":\"WebSite\",\"@id\":\"https:\\\/\\\/www.ksup.ch\\\/en\\\/#website\",\"url\":\"https:\\\/\\\/www.ksup.ch\\\/en\\\/\",\"name\":\"Krepper Spring Partner\",\"description\":\"Advokatur Mediation\",\"potentialAction\":[{\"@type\":\"SearchAction\",\"target\":{\"@type\":\"EntryPoint\",\"urlTemplate\":\"https:\\\/\\\/www.ksup.ch\\\/en\\\/?s={search_term_string}\"},\"query-input\":{\"@type\":\"PropertyValueSpecification\",\"valueRequired\":true,\"valueName\":\"search_term_string\"}}],\"inLanguage\":\"en-US\"}]}<\/script>\n<!-- \/ Yoast SEO plugin. -->","yoast_head_json":{"title":"Travel & Law - Krepper Spring Partner","robots":{"index":"index","follow":"follow","max-snippet":"max-snippet:-1","max-image-preview":"max-image-preview:large","max-video-preview":"max-video-preview:-1"},"canonical":"https:\/\/www.ksup.ch\/en\/travel-law\/","og_locale":"en_US","og_type":"article","og_title":"Travel & Law - Krepper Spring Partner","og_url":"https:\/\/www.ksup.ch\/en\/travel-law\/","og_site_name":"Krepper Spring Partner","article_modified_time":"2022-10-31T06:01:20+00:00","og_image":[{"url":"https:\/\/www.ksup.ch\/wp-content\/uploads\/2022\/10\/handbuch_tourismusrecht_auflage3.jpg","type":"","width":"","height":""}],"twitter_card":"summary_large_image","twitter_misc":{"Est. reading time":"4 minutes"},"schema":{"@context":"https:\/\/schema.org","@graph":[{"@type":"WebPage","@id":"https:\/\/www.ksup.ch\/en\/travel-law\/","url":"https:\/\/www.ksup.ch\/en\/travel-law\/","name":"Travel & Law - Krepper Spring Partner","isPartOf":{"@id":"https:\/\/www.ksup.ch\/en\/#website"},"primaryImageOfPage":{"@id":"https:\/\/www.ksup.ch\/en\/travel-law\/#primaryimage"},"image":{"@id":"https:\/\/www.ksup.ch\/en\/travel-law\/#primaryimage"},"thumbnailUrl":"https:\/\/www.ksup.ch\/wp-content\/uploads\/2022\/10\/handbuch_tourismusrecht_auflage3.jpg","datePublished":"2015-06-23T20:23:09+00:00","dateModified":"2022-10-31T06:01:20+00:00","breadcrumb":{"@id":"https:\/\/www.ksup.ch\/en\/travel-law\/#breadcrumb"},"inLanguage":"en-US","potentialAction":[{"@type":"ReadAction","target":["https:\/\/www.ksup.ch\/en\/travel-law\/"]}]},{"@type":"ImageObject","inLanguage":"en-US","@id":"https:\/\/www.ksup.ch\/en\/travel-law\/#primaryimage","url":"https:\/\/www.ksup.ch\/wp-content\/uploads\/2022\/10\/handbuch_tourismusrecht_auflage3.jpg","contentUrl":"https:\/\/www.ksup.ch\/wp-content\/uploads\/2022\/10\/handbuch_tourismusrecht_auflage3.jpg"},{"@type":"BreadcrumbList","@id":"https:\/\/www.ksup.ch\/en\/travel-law\/#breadcrumb","itemListElement":[{"@type":"ListItem","position":1,"name":"Home","item":"https:\/\/www.ksup.ch\/en\/"},{"@type":"ListItem","position":2,"name":"Travel &#038; Law"}]},{"@type":"WebSite","@id":"https:\/\/www.ksup.ch\/en\/#website","url":"https:\/\/www.ksup.ch\/en\/","name":"Krepper Spring Partner","description":"Advokatur Mediation","potentialAction":[{"@type":"SearchAction","target":{"@type":"EntryPoint","urlTemplate":"https:\/\/www.ksup.ch\/en\/?s={search_term_string}"},"query-input":{"@type":"PropertyValueSpecification","valueRequired":true,"valueName":"search_term_string"}}],"inLanguage":"en-US"}]}},"_links":{"self":[{"href":"https:\/\/www.ksup.ch\/en\/wp-json\/wp\/v2\/pages\/328","targetHints":{"allow":["GET"]}}],"collection":[{"href":"https:\/\/www.ksup.ch\/en\/wp-json\/wp\/v2\/pages"}],"about":[{"href":"https:\/\/www.ksup.ch\/en\/wp-json\/wp\/v2\/types\/page"}],"author":[{"embeddable":true,"href":"https:\/\/www.ksup.ch\/en\/wp-json\/wp\/v2\/users\/8"}],"replies":[{"embeddable":true,"href":"https:\/\/www.ksup.ch\/en\/wp-json\/wp\/v2\/comments?post=328"}],"version-history":[{"count":41,"href":"https:\/\/www.ksup.ch\/en\/wp-json\/wp\/v2\/pages\/328\/revisions"}],"predecessor-version":[{"id":1179,"href":"https:\/\/www.ksup.ch\/en\/wp-json\/wp\/v2\/pages\/328\/revisions\/1179"}],"wp:attachment":[{"href":"https:\/\/www.ksup.ch\/en\/wp-json\/wp\/v2\/media?parent=328"}],"curies":[{"name":"wp","href":"https:\/\/api.w.org\/{rel}","templated":true}]}}