{"id":312,"date":"2015-06-23T21:48:40","date_gmt":"2015-06-23T19:48:40","guid":{"rendered":"http:\/\/www.ksup.ch\/en\/?page_id=312"},"modified":"2022-05-06T14:10:37","modified_gmt":"2022-05-06T12:10:37","slug":"publications-by-james-t-peter","status":"publish","type":"page","link":"https:\/\/www.ksup.ch\/en\/people\/james-peter\/publications-by-james-t-peter\/","title":{"rendered":"Publications by James T. Peter"},"content":{"rendered":"\n<style type=\"text\/css\" data-created_by=\"avia_inline_auto\" id=\"style-css-av-av_heading-ccdc712f6ab76c4a1dbefa60c8f06b94\">\n#top .av-special-heading.av-av_heading-ccdc712f6ab76c4a1dbefa60c8f06b94{\npadding-bottom:36px;\n}\nbody .av-special-heading.av-av_heading-ccdc712f6ab76c4a1dbefa60c8f06b94 .av-special-heading-tag .heading-char{\nfont-size:25px;\n}\n.av-special-heading.av-av_heading-ccdc712f6ab76c4a1dbefa60c8f06b94 .av-subheading{\nfont-size:15px;\n}\n<\/style>\n<div  class='av-special-heading av-av_heading-ccdc712f6ab76c4a1dbefa60c8f06b94 av-special-heading-h1  avia-builder-el-0  el_before_av_one_fifth  avia-builder-el-first '><h1 class='av-special-heading-tag '  itemprop=\"headline\"  >Publications by James T. Peter<\/h1><div class=\"special-heading-border\"><div class=\"special-heading-inner-border\"><\/div><\/div><\/div>\n<div  class='flex_column av-av_one_fifth-2a9015ff38129c418a3f2eafba3e9512 av_one_fifth  avia-builder-el-1  el_after_av_heading  el_before_av_three_fifth  first flex_column_div  '     ><\/div>\n\n<style type=\"text\/css\" data-created_by=\"avia_inline_auto\" id=\"style-css-av-av_three_fifth-9c1d454dc06f7247226bc4e8f931daae\">\n.flex_column.av-av_three_fifth-9c1d454dc06f7247226bc4e8f931daae{\nborder-radius:0px 0px 0px 0px;\npadding:0px 0px 0px 0px;\n}\n<\/style>\n<div  class='flex_column av-av_three_fifth-9c1d454dc06f7247226bc4e8f931daae av_three_fifth  avia-builder-el-2  el_after_av_one_fifth  avia-builder-el-last  flex_column_div av-zero-column-padding  '     ><section  class='av_textblock_section av-jrj0m49f-4e88e5daac58101d43e414163c137031 '   itemscope=\"itemscope\" itemtype=\"https:\/\/schema.org\/CreativeWork\" ><div class='avia_textblock'  itemprop=\"text\" ><ul>\n<li style=\"list-style-type: none;\">\n<ul>\n<li style=\"list-style-type: none;\">\n<ul>\n<li>Recht zum Ausschluss des Einsichtsrechts gest\u00fctzt auf Art. 8a Abs. 3 Lit.d SchKG, ZZZ (Zeitschrift f\u00fcr Zivilprozess- und Zwangsvollstreckungsrecht) 2022, 103 ff.<\/li>\n<li>Basler Kommentar, Bundesgesetz \u00fcber Schuldbetreibung und Konkurs, Art. 8-11, 3. Aufl., Basel 2021<\/li>\n<li><a href=\"https:\/\/www.ksup.ch\/wp-content\/uploads\/2022\/05\/ZZZ-2021-dos-donts-3.pdf\">Dos &amp; Don&#8217;ts f\u00fcr Rechtsanw\u00e4lte in der Mediation, ZZZ (Zeitschrift f\u00fcr Zivilprozess und Zwangsvollstreckungsrecht) 2021, 550ff.<\/a><\/li>\n<li><a href=\"https:\/\/www.schulthess.com\/buchshop\/detail\/ISBN-9783725578689\/Girsberger-Daniel-Peter-James-Thomas\/Aussergerichtliche-Konfliktloesung-PrintPlu%A7\">Daniel Girsberger \/ James T. Peter: \u00abAussergerichtliche Konfliktl\u00f6sung\u00bb, 2019<\/a><\/li>\n<li><a href=\"https:\/\/www.ksup.ch\/wp-content\/uploads\/2018\/01\/Konfliktmanagement-Wachsen-an-Emotionen.pdf\">Konfliktmanagement: Wachsen an den eigenen Emotionen, 2016<\/a><\/li>\n<li><a href=\"http:\/\/www.ksup.ch\/wp-content\/uploads\/2016\/09\/PK-4-2016-Peter.pdf\">Bin ich Kompetent? Beitrag zum pers\u00f6nlichen Konfliktmanagement, Praxis Kommunikation, 4\/2016, 50 ff.<\/a><\/li>\n<li><a href=\"http:\/\/www.ksup.ch\/wp-content\/uploads\/2015\/10\/AWR_03_2013_RA_als_Parteivertreter_in_Mediation.pdf\">Der Rechtsanwalt als Parteivertreter in der Mediation, AnwaltsRevue 3\/2013, 103 ff.<\/a><\/li>\n<li>Berner Kommentar, Zivilprozessordnung, Art. 19, 20, 29, 30, 197-218 ZPO<\/li>\n<li><a href=\"http:\/\/www.ksup.ch\/wp-content\/uploads\/2015\/10\/HAVE_2012_Mediation_bei_Forderungsstreitigkeiten.pdf\">\u00abMediation bei Forderungsstreitigkeiten\u00bb, in HAVE Schlichten statt richten, Z\u00fcrich 2012, S. 35 ff.<\/a><\/li>\n<li><a href=\"http:\/\/www.ksup.ch\/wp-content\/uploads\/2015\/10\/AWR_10_12_Gerichtsnahe_Wirtschaftsmediation.pdf\">\u00abGerichtsnahe Wirtschaftsmediation: Ein Erfahrungsbericht\u00bb, Anwaltsrevue 10\/2012, . 464 ff.<\/a><\/li>\n<li><a href=\"http:\/\/www.ksup.ch\/wp-content\/uploads\/2015\/10\/AWR_08_12_Verjaehrungsunterbruch.pdf\">\u00abVerj\u00e4hrungsunterbruch von Anspr\u00fcchen mit handelsgerichtlicher Zust\u00e4ndigkeit\u00bb, AnwaltsRevue 8\/2012, S. 364 ff.<\/a><\/li>\n<li>\u00abGerichtsnahe Mediation\u00bb, Kommentar zur Mediation in der ZPO, Bern 2011<\/li>\n<li><a href=\"http:\/\/www.ksup.ch\/wp-content\/uploads\/2015\/10\/Perspektive_Mediation_2005_Mediation_in_der_ZPO.pdf\">\u00abMediation in der geplanten schweizerischen Zivilprozessordnung\u00bb, Perspektive Mediation, 2005\/2, S. 92 ff.<\/a><\/li>\n<li><a href=\"http:\/\/www.ksup.ch\/wp-content\/uploads\/2015\/10\/ZKM_02.2005_Mediationsstile.pdf\">\u00abDie Bedeutung unterschiedlicher Mediationsstile\u00bb, Zeitschrift f\u00fcr Konfliktmanagement 2\/2005, S. 48 ff.<\/a><\/li>\n<li><a href=\"http:\/\/www.ksup.ch\/wp-content\/uploads\/2015\/10\/AWR_2_2004_Mediation-in-der-eidgen.-ZPO.pdf\">\u00abMediation in der eidgen\u00f6ssischen ZPO\u00bb, AnwaltsRevue 2\/2004, S. 42 ff.<\/a><\/li>\n<li><a href=\"http:\/\/www.ksup.ch\/wp-content\/uploads\/2015\/10\/Cash_04.2003_Anlageverlust_Mediation.pdf\">Interview: \u00abAnlageverlust: Der Mediator kann helfen\u00bb, Cash Nr. 16, 17. April 2003, S. 50 f.<\/a><\/li>\n<li>\u00abVom Umgang mit Konflikten bei IT-Projekten\u00bb, NZZ vom 24. September 2002, B 10<\/li>\n<li><a href=\"http:\/\/www.ksup.ch\/wp-content\/uploads\/2015\/10\/ZKM_2002_Pilotversuch_am_BezGer_ZH.pdf\">James T. Peter \/ Peter B\u00f6sch: Pilotversuch am Bezirksgericht Z\u00fcrich, ZKM &#8211; Zeitschrift f\u00fcr Konfliktmanagement, M\u00e4rz\/April 2002<\/a><\/li>\n<li>David D\u00fcrr \/ Markus J. Kroll \/ James T. Peter: \u00abGrundpfandrecht (Art. 793 &#8211; 883 ZGB)\u00bb, in: Die Rechtsentwicklung an der Schwelle zum 21. Jahrhundert, Z\u00fcrich 2001, S. 187 ff.<\/li>\n<li><a href=\"http:\/\/www.ksup.ch\/wp-content\/uploads\/2015\/10\/AJP_01.2000_Mediation_Verfahren_zur_Ueberwindung_Einigungshindernisse.pdf\">\u00abMediation: Ein Verfahren zur \u00dcberwindung von Einigungshindernissen\u00bb, Aktuelle Juristische Praxis (AJP) 2000, S. 18 ff.<\/a><\/li>\n<li><a href=\"http:\/\/www.ksup.ch\/wp-content\/uploads\/2015\/10\/1997_MED-ARB_in_international_Arbitration.pdf\">\u00abMed-Arb in international Arbitration\u00bb, in: The American Review of International Arbitration, 1997, Vol. S. 8 No.1<\/a><\/li>\n<li>\u00abDie Betreibungsauskunft im neuen SchKG\u00bb, Aktuelle Juristische Praxis (AJP) 1995, S. 1445 ff.<\/li>\n<li>\u00abDas Datenschutzgesetz im Privatbereich\u00bb, Diss. Z\u00fcrich, 1994<\/li>\n<\/ul>\n<\/li>\n<\/ul>\n<\/li>\n<\/ul>\n<\/div><\/section><\/div>\n","protected":false},"excerpt":{"rendered":"","protected":false},"author":8,"featured_media":0,"parent":310,"menu_order":0,"comment_status":"closed","ping_status":"closed","template":"","meta":{"footnotes":""},"class_list":["post-312","page","type-page","status-publish","hentry"],"yoast_head":"<!-- This site is optimized with the Yoast SEO plugin v27.4 - https:\/\/yoast.com\/product\/yoast-seo-wordpress\/ -->\n<title>Publications by James T. Peter - Krepper Spring Partner<\/title>\n<meta name=\"robots\" content=\"index, follow, max-snippet:-1, max-image-preview:large, max-video-preview:-1\" \/>\n<link rel=\"canonical\" href=\"https:\/\/www.ksup.ch\/en\/people\/james-peter\/publications-by-james-t-peter\/\" \/>\n<meta property=\"og:locale\" content=\"en_US\" \/>\n<meta property=\"og:type\" content=\"article\" \/>\n<meta property=\"og:title\" content=\"Publications by James T. Peter - Krepper Spring Partner\" \/>\n<meta property=\"og:url\" content=\"https:\/\/www.ksup.ch\/en\/people\/james-peter\/publications-by-james-t-peter\/\" \/>\n<meta property=\"og:site_name\" content=\"Krepper Spring Partner\" \/>\n<meta property=\"article:modified_time\" content=\"2022-05-06T12:10:37+00:00\" \/>\n<meta name=\"twitter:card\" content=\"summary_large_image\" \/>\n<meta name=\"twitter:label1\" content=\"Est. reading time\" \/>\n\t<meta name=\"twitter:data1\" content=\"2 minutes\" \/>\n<script type=\"application\/ld+json\" class=\"yoast-schema-graph\">{\"@context\":\"https:\\\/\\\/schema.org\",\"@graph\":[{\"@type\":\"WebPage\",\"@id\":\"https:\\\/\\\/www.ksup.ch\\\/en\\\/people\\\/james-peter\\\/publications-by-james-t-peter\\\/\",\"url\":\"https:\\\/\\\/www.ksup.ch\\\/en\\\/people\\\/james-peter\\\/publications-by-james-t-peter\\\/\",\"name\":\"Publications by James T. Peter - Krepper Spring Partner\",\"isPartOf\":{\"@id\":\"https:\\\/\\\/www.ksup.ch\\\/en\\\/#website\"},\"datePublished\":\"2015-06-23T19:48:40+00:00\",\"dateModified\":\"2022-05-06T12:10:37+00:00\",\"breadcrumb\":{\"@id\":\"https:\\\/\\\/www.ksup.ch\\\/en\\\/people\\\/james-peter\\\/publications-by-james-t-peter\\\/#breadcrumb\"},\"inLanguage\":\"en-US\",\"potentialAction\":[{\"@type\":\"ReadAction\",\"target\":[\"https:\\\/\\\/www.ksup.ch\\\/en\\\/people\\\/james-peter\\\/publications-by-james-t-peter\\\/\"]}]},{\"@type\":\"BreadcrumbList\",\"@id\":\"https:\\\/\\\/www.ksup.ch\\\/en\\\/people\\\/james-peter\\\/publications-by-james-t-peter\\\/#breadcrumb\",\"itemListElement\":[{\"@type\":\"ListItem\",\"position\":1,\"name\":\"Home\",\"item\":\"https:\\\/\\\/www.ksup.ch\\\/en\\\/\"},{\"@type\":\"ListItem\",\"position\":2,\"name\":\"Partner\",\"item\":\"https:\\\/\\\/www.ksup.ch\\\/en\\\/people\\\/\"},{\"@type\":\"ListItem\",\"position\":3,\"name\":\"James T. Peter\",\"item\":\"https:\\\/\\\/www.ksup.ch\\\/en\\\/people\\\/james-peter\\\/\"},{\"@type\":\"ListItem\",\"position\":4,\"name\":\"Publications by James T. Peter\"}]},{\"@type\":\"WebSite\",\"@id\":\"https:\\\/\\\/www.ksup.ch\\\/en\\\/#website\",\"url\":\"https:\\\/\\\/www.ksup.ch\\\/en\\\/\",\"name\":\"Krepper Spring Partner\",\"description\":\"Advokatur Mediation\",\"potentialAction\":[{\"@type\":\"SearchAction\",\"target\":{\"@type\":\"EntryPoint\",\"urlTemplate\":\"https:\\\/\\\/www.ksup.ch\\\/en\\\/?s={search_term_string}\"},\"query-input\":{\"@type\":\"PropertyValueSpecification\",\"valueRequired\":true,\"valueName\":\"search_term_string\"}}],\"inLanguage\":\"en-US\"}]}<\/script>\n<!-- \/ Yoast SEO plugin. -->","yoast_head_json":{"title":"Publications by James T. Peter - Krepper Spring Partner","robots":{"index":"index","follow":"follow","max-snippet":"max-snippet:-1","max-image-preview":"max-image-preview:large","max-video-preview":"max-video-preview:-1"},"canonical":"https:\/\/www.ksup.ch\/en\/people\/james-peter\/publications-by-james-t-peter\/","og_locale":"en_US","og_type":"article","og_title":"Publications by James T. Peter - Krepper Spring Partner","og_url":"https:\/\/www.ksup.ch\/en\/people\/james-peter\/publications-by-james-t-peter\/","og_site_name":"Krepper Spring Partner","article_modified_time":"2022-05-06T12:10:37+00:00","twitter_card":"summary_large_image","twitter_misc":{"Est. reading time":"2 minutes"},"schema":{"@context":"https:\/\/schema.org","@graph":[{"@type":"WebPage","@id":"https:\/\/www.ksup.ch\/en\/people\/james-peter\/publications-by-james-t-peter\/","url":"https:\/\/www.ksup.ch\/en\/people\/james-peter\/publications-by-james-t-peter\/","name":"Publications by James T. Peter - Krepper Spring Partner","isPartOf":{"@id":"https:\/\/www.ksup.ch\/en\/#website"},"datePublished":"2015-06-23T19:48:40+00:00","dateModified":"2022-05-06T12:10:37+00:00","breadcrumb":{"@id":"https:\/\/www.ksup.ch\/en\/people\/james-peter\/publications-by-james-t-peter\/#breadcrumb"},"inLanguage":"en-US","potentialAction":[{"@type":"ReadAction","target":["https:\/\/www.ksup.ch\/en\/people\/james-peter\/publications-by-james-t-peter\/"]}]},{"@type":"BreadcrumbList","@id":"https:\/\/www.ksup.ch\/en\/people\/james-peter\/publications-by-james-t-peter\/#breadcrumb","itemListElement":[{"@type":"ListItem","position":1,"name":"Home","item":"https:\/\/www.ksup.ch\/en\/"},{"@type":"ListItem","position":2,"name":"Partner","item":"https:\/\/www.ksup.ch\/en\/people\/"},{"@type":"ListItem","position":3,"name":"James T. Peter","item":"https:\/\/www.ksup.ch\/en\/people\/james-peter\/"},{"@type":"ListItem","position":4,"name":"Publications by James T. Peter"}]},{"@type":"WebSite","@id":"https:\/\/www.ksup.ch\/en\/#website","url":"https:\/\/www.ksup.ch\/en\/","name":"Krepper Spring Partner","description":"Advokatur Mediation","potentialAction":[{"@type":"SearchAction","target":{"@type":"EntryPoint","urlTemplate":"https:\/\/www.ksup.ch\/en\/?s={search_term_string}"},"query-input":{"@type":"PropertyValueSpecification","valueRequired":true,"valueName":"search_term_string"}}],"inLanguage":"en-US"}]}},"_links":{"self":[{"href":"https:\/\/www.ksup.ch\/en\/wp-json\/wp\/v2\/pages\/312","targetHints":{"allow":["GET"]}}],"collection":[{"href":"https:\/\/www.ksup.ch\/en\/wp-json\/wp\/v2\/pages"}],"about":[{"href":"https:\/\/www.ksup.ch\/en\/wp-json\/wp\/v2\/types\/page"}],"author":[{"embeddable":true,"href":"https:\/\/www.ksup.ch\/en\/wp-json\/wp\/v2\/users\/8"}],"replies":[{"embeddable":true,"href":"https:\/\/www.ksup.ch\/en\/wp-json\/wp\/v2\/comments?post=312"}],"version-history":[{"count":10,"href":"https:\/\/www.ksup.ch\/en\/wp-json\/wp\/v2\/pages\/312\/revisions"}],"predecessor-version":[{"id":6840,"href":"https:\/\/www.ksup.ch\/en\/wp-json\/wp\/v2\/pages\/312\/revisions\/6840"}],"up":[{"embeddable":true,"href":"https:\/\/www.ksup.ch\/en\/wp-json\/wp\/v2\/pages\/310"}],"wp:attachment":[{"href":"https:\/\/www.ksup.ch\/en\/wp-json\/wp\/v2\/media?parent=312"}],"curies":[{"name":"wp","href":"https:\/\/api.w.org\/{rel}","templated":true}]}}