{"id":308,"date":"2015-06-23T21:46:38","date_gmt":"2015-06-23T19:46:38","guid":{"rendered":"http:\/\/www.ksup.ch\/en\/?page_id=308"},"modified":"2022-10-30T15:51:46","modified_gmt":"2022-10-30T14:51:46","slug":"publications-by-peter-krepper","status":"publish","type":"page","link":"https:\/\/www.ksup.ch\/en\/people\/peter-krepper\/publications-by-peter-krepper\/","title":{"rendered":"Publications by Peter Krepper"},"content":{"rendered":"\n<style type=\"text\/css\" data-created_by=\"avia_inline_auto\" id=\"style-css-av-1508x-e4d912410565151466963a41b89c35c7\">\n#top .av-special-heading.av-1508x-e4d912410565151466963a41b89c35c7{\npadding-bottom:36px;\n}\nbody .av-special-heading.av-1508x-e4d912410565151466963a41b89c35c7 .av-special-heading-tag .heading-char{\nfont-size:25px;\n}\n.av-special-heading.av-1508x-e4d912410565151466963a41b89c35c7 .av-subheading{\nfont-size:15px;\n}\n<\/style>\n<div  class='av-special-heading av-1508x-e4d912410565151466963a41b89c35c7 av-special-heading-h1  avia-builder-el-0  el_before_av_one_fifth  avia-builder-el-first '><h1 class='av-special-heading-tag '  itemprop=\"headline\"  >Publications by Peter Krepper<\/h1><div class=\"special-heading-border\"><div class=\"special-heading-inner-border\"><\/div><\/div><\/div>\n<div  class='flex_column av-jz855-7b29038896cbdf0d71444d597ee42f4b av_one_fifth  avia-builder-el-1  el_after_av_heading  el_before_av_three_fifth  first flex_column_div  '     ><\/div>\n\n<style type=\"text\/css\" data-created_by=\"avia_inline_auto\" id=\"style-css-av-h3j49-432ac4abfaf3654c461d99538f6c5fee\">\n.flex_column.av-h3j49-432ac4abfaf3654c461d99538f6c5fee{\nborder-radius:0px 0px 0px 0px;\npadding:0px 0px 0px 0px;\n}\n<\/style>\n<div  class='flex_column av-h3j49-432ac4abfaf3654c461d99538f6c5fee av_three_fifth  avia-builder-el-2  el_after_av_one_fifth  avia-builder-el-last  flex_column_div av-zero-column-padding  '     ><section  class='av_textblock_section av-bel15-14f3b90128837f0699001c1f9af2e82c '   itemscope=\"itemscope\" itemtype=\"https:\/\/schema.org\/CreativeWork\" ><div class='avia_textblock'  itemprop=\"text\" ><h3>Mediation<\/h3>\n<ul>\n<li><a href=\"https:\/\/www.ksup.ch\/wp-content\/uploads\/2022\/09\/220928_Supervision-fuer-Rechtsanwaelt-innen_Smart-Legal-Market-184496.pdf\">Supervision f\u00fcr Rechtsanw\u00e4lt innen (Smart Legal Market 26.9.2022)<\/a><\/li>\n<li><a href=\"https:\/\/www.k-2.ch\/peter-krepper-autonomie-im-konflikt\/\">Autonomie im Konflikt &#8211; Selbstreflexionen eines Mediators (k-2 Verlag 2022)<\/a><\/li>\n<li><a href=\"https:\/\/www.ksup.ch\/wp-content\/uploads\/2022\/02\/190618-Broschuere-zu-War-das-wirklich-Mediation.pdf\">War das wirklich Mediation? (Brosch\u00fcre zum IfM-Tag der Mediation 18. Juni 2019)<\/a><\/li>\n<li><a href=\"https:\/\/www.ksup.ch\/wp-content\/uploads\/2017\/12\/Perspektive-4_2017-Mediation-nein-danke.pdf\">Mediation: nein danke!? (Perspektive Mediation 04\/2017 258 ff., \u00a9 Verlag \u00d6sterreich)<\/a><\/li>\n<li><a href=\"https:\/\/www.ksup.ch\/wp-content\/uploads\/2017\/12\/TREX-6_17-Stolpersteine-bei-Unternehmensnachfolge-2.pdf\">Stolpersteine bei der Unternehmensnachfolge \u2013 Mandatserwahrung mit Mediation, TREX 6\/2017 338 ff.<\/a><\/li>\n<li><a href=\"http:\/\/www.ksup.ch\/wp-content\/uploads\/2015\/07\/AR_03_2013_THE_Krepper_low.pdf\">Anwaltsexamen \u00fcber Mediation, Anwalts-Revue 3\/2013, 107 ff.<\/a><\/li>\n<li><a href=\"http:\/\/www.ksup.ch\/wp-content\/uploads\/2015\/07\/121026_Mediation-in-der-Praxis.pdf\">Mediation in der Praxis: Erfolg dank Eignung, AJP 10\/2012, 1427 ff.<\/a><\/li>\n<li><a href=\"https:\/\/www.ksup.ch\/wp-content\/uploads\/2021\/06\/Arbeitsrecht-als-Fuehrungsinstrument-\u2013-mit-Exkurs-zur-Mediation_Peter-Krepper.pdf\">Arbeitsrecht als F\u00fchrungsinstrument \u2013 mit Exkurs zur Mediation, bei Felix Bamert (Hrsg.), Musikmanagement, Der Leitfaden f\u00fcr die Praxis, 3. A. Bern 2021, S. 284 ff.<\/a><\/li>\n<li>Erfolgreiche Konfliktl\u00f6sungen mit Mediation \u2013 ein \u00dcberblick &#8230; wenn es der b\u00f6se Nachbar nicht will, Team 72 (Hrsg.), Mediation, Dezember 2000, 4 ff.<\/li>\n<li><a href=\"http:\/\/www.ksup.ch\/wp-content\/uploads\/2015\/07\/Unentgeltliche-Mediatioren-fuer-geldwerte-Konfliktloesungen.pdf\">Unentgeltliche Mediatoren f\u00fcr geldwerte Konfliktl\u00f6sungen, AJP 7\/2000, 803 ff.<\/a><\/li>\n<\/ul>\n<h3>Tourismus- &amp; Reiserecht<\/h3>\n<ul>\n<li><a href=\"https:\/\/www.ksup.ch\/wp-content\/uploads\/2022\/10\/Handbuch_Tourismusrecht_Peter_Krepper_3_Auflage.pdf\">Handbuch Tourismusrecht &#8211; f\u00fcr Studium und Praxis (3. Auflage)<\/a><\/li>\n<li><a href=\"https:\/\/www.ksup.ch\/en\/travel-law\/\">Kolumne \u00abLegal Matters\u00bb in Travel Inside<\/a><\/li>\n<\/ul>\n<h3>Tierschutz- &amp; Haftpflichtrecht<\/h3>\n<ul>\n<li><a href=\"http:\/\/www.ksup.ch\/wp-content\/uploads\/2015\/07\/TierwuerdeTierversuche.pdf\">Tierw\u00fcrde im Recht \u2013 am Beispiel von Tierversuchen, AJP 3\/2010, 303 ff.<\/a><\/li>\n<li><a href=\"http:\/\/www.ksup.ch\/wp-content\/uploads\/2015\/07\/Affektionswertersatz_Heimtiere.pdf\">Affektionswert-Ersatz bei Haustieren, AJP 6\/2008, 704 ff.<\/a><\/li>\n<li><a href=\"http:\/\/www.ksup.ch\/wp-content\/uploads\/2015\/07\/Tierwuerde_und_Mediation.pdf\">Mediative Konfliktarbeit an der Tierw\u00fcrde \u2013 Interessenabw\u00e4gung am Beispiel der Ethikkommission, Martin Liechti (Hrsg.), Die W\u00fcrde des Tieres, Erlangen 2002, 181 ff.<\/a><\/li>\n<li><a href=\"http:\/\/www.ksup.ch\/wp-content\/uploads\/2015\/08\/Gutachten-PK-1999.pdf\"> Auslegung und gesetzliche Konkretisierung der Tierw\u00fcrde \u2013 Verfassungsrechtliche Vorgaben an den Gesetzgeber im Rahmen der Gen-Lex, Gutachten f\u00fcr die Stiftung f\u00fcr das Tier im Recht, Z\u00fcrich 1999<\/a><\/li>\n<li><a href=\"http:\/\/www.ksup.ch\/wp-content\/uploads\/2015\/07\/Tierwueerde-und-Rechtsentwicklung-in-der-Schweiz.pdf\">Tierw\u00fcrde und Rechtsentwicklung in der Schweiz, AJP 10\/1998, 1147 ff.<\/a><\/li>\n<li><a href=\"https:\/\/www.krepper.ch\/text-bild\/publikationen-3\/doktorarbeit-tierwurde\/\">Zur W\u00fcrde der Kreatur in Gentechnik und Recht \u2013 Thesen zum gentechnischen Umgang mit Tieren in der Schweiz unter Ber\u00fccksichtigung des internationalen Rechtsumfelds, Dissertation Bern 1998<\/a><\/li>\n<\/ul>\n<\/div><\/section><\/div>\n","protected":false},"excerpt":{"rendered":"","protected":false},"author":8,"featured_media":0,"parent":306,"menu_order":0,"comment_status":"closed","ping_status":"closed","template":"","meta":{"footnotes":""},"class_list":["post-308","page","type-page","status-publish","hentry"],"yoast_head":"<!-- This site is optimized with the Yoast SEO plugin v27.4 - https:\/\/yoast.com\/product\/yoast-seo-wordpress\/ -->\n<title>Publications by Peter Krepper - Krepper Spring Partner<\/title>\n<meta name=\"robots\" content=\"index, follow, max-snippet:-1, max-image-preview:large, max-video-preview:-1\" \/>\n<link rel=\"canonical\" href=\"https:\/\/www.ksup.ch\/en\/people\/peter-krepper\/publications-by-peter-krepper\/\" \/>\n<meta property=\"og:locale\" content=\"en_US\" \/>\n<meta property=\"og:type\" content=\"article\" \/>\n<meta property=\"og:title\" content=\"Publications by Peter Krepper - Krepper Spring Partner\" \/>\n<meta property=\"og:url\" content=\"https:\/\/www.ksup.ch\/en\/people\/peter-krepper\/publications-by-peter-krepper\/\" \/>\n<meta property=\"og:site_name\" content=\"Krepper Spring Partner\" \/>\n<meta property=\"article:modified_time\" content=\"2022-10-30T14:51:46+00:00\" \/>\n<meta name=\"twitter:card\" content=\"summary_large_image\" \/>\n<meta name=\"twitter:label1\" content=\"Est. reading time\" \/>\n\t<meta name=\"twitter:data1\" content=\"2 minutes\" \/>\n<script type=\"application\/ld+json\" class=\"yoast-schema-graph\">{\"@context\":\"https:\\\/\\\/schema.org\",\"@graph\":[{\"@type\":\"WebPage\",\"@id\":\"https:\\\/\\\/www.ksup.ch\\\/en\\\/people\\\/peter-krepper\\\/publications-by-peter-krepper\\\/\",\"url\":\"https:\\\/\\\/www.ksup.ch\\\/en\\\/people\\\/peter-krepper\\\/publications-by-peter-krepper\\\/\",\"name\":\"Publications by Peter Krepper - Krepper Spring Partner\",\"isPartOf\":{\"@id\":\"https:\\\/\\\/www.ksup.ch\\\/en\\\/#website\"},\"datePublished\":\"2015-06-23T19:46:38+00:00\",\"dateModified\":\"2022-10-30T14:51:46+00:00\",\"breadcrumb\":{\"@id\":\"https:\\\/\\\/www.ksup.ch\\\/en\\\/people\\\/peter-krepper\\\/publications-by-peter-krepper\\\/#breadcrumb\"},\"inLanguage\":\"en-US\",\"potentialAction\":[{\"@type\":\"ReadAction\",\"target\":[\"https:\\\/\\\/www.ksup.ch\\\/en\\\/people\\\/peter-krepper\\\/publications-by-peter-krepper\\\/\"]}]},{\"@type\":\"BreadcrumbList\",\"@id\":\"https:\\\/\\\/www.ksup.ch\\\/en\\\/people\\\/peter-krepper\\\/publications-by-peter-krepper\\\/#breadcrumb\",\"itemListElement\":[{\"@type\":\"ListItem\",\"position\":1,\"name\":\"Home\",\"item\":\"https:\\\/\\\/www.ksup.ch\\\/en\\\/\"},{\"@type\":\"ListItem\",\"position\":2,\"name\":\"Partner\",\"item\":\"https:\\\/\\\/www.ksup.ch\\\/en\\\/people\\\/\"},{\"@type\":\"ListItem\",\"position\":3,\"name\":\"Peter Krepper\",\"item\":\"https:\\\/\\\/www.ksup.ch\\\/en\\\/people\\\/peter-krepper\\\/\"},{\"@type\":\"ListItem\",\"position\":4,\"name\":\"Publications by Peter Krepper\"}]},{\"@type\":\"WebSite\",\"@id\":\"https:\\\/\\\/www.ksup.ch\\\/en\\\/#website\",\"url\":\"https:\\\/\\\/www.ksup.ch\\\/en\\\/\",\"name\":\"Krepper Spring Partner\",\"description\":\"Advokatur Mediation\",\"potentialAction\":[{\"@type\":\"SearchAction\",\"target\":{\"@type\":\"EntryPoint\",\"urlTemplate\":\"https:\\\/\\\/www.ksup.ch\\\/en\\\/?s={search_term_string}\"},\"query-input\":{\"@type\":\"PropertyValueSpecification\",\"valueRequired\":true,\"valueName\":\"search_term_string\"}}],\"inLanguage\":\"en-US\"}]}<\/script>\n<!-- \/ Yoast SEO plugin. -->","yoast_head_json":{"title":"Publications by Peter Krepper - Krepper Spring Partner","robots":{"index":"index","follow":"follow","max-snippet":"max-snippet:-1","max-image-preview":"max-image-preview:large","max-video-preview":"max-video-preview:-1"},"canonical":"https:\/\/www.ksup.ch\/en\/people\/peter-krepper\/publications-by-peter-krepper\/","og_locale":"en_US","og_type":"article","og_title":"Publications by Peter Krepper - Krepper Spring Partner","og_url":"https:\/\/www.ksup.ch\/en\/people\/peter-krepper\/publications-by-peter-krepper\/","og_site_name":"Krepper Spring Partner","article_modified_time":"2022-10-30T14:51:46+00:00","twitter_card":"summary_large_image","twitter_misc":{"Est. reading time":"2 minutes"},"schema":{"@context":"https:\/\/schema.org","@graph":[{"@type":"WebPage","@id":"https:\/\/www.ksup.ch\/en\/people\/peter-krepper\/publications-by-peter-krepper\/","url":"https:\/\/www.ksup.ch\/en\/people\/peter-krepper\/publications-by-peter-krepper\/","name":"Publications by Peter Krepper - Krepper Spring Partner","isPartOf":{"@id":"https:\/\/www.ksup.ch\/en\/#website"},"datePublished":"2015-06-23T19:46:38+00:00","dateModified":"2022-10-30T14:51:46+00:00","breadcrumb":{"@id":"https:\/\/www.ksup.ch\/en\/people\/peter-krepper\/publications-by-peter-krepper\/#breadcrumb"},"inLanguage":"en-US","potentialAction":[{"@type":"ReadAction","target":["https:\/\/www.ksup.ch\/en\/people\/peter-krepper\/publications-by-peter-krepper\/"]}]},{"@type":"BreadcrumbList","@id":"https:\/\/www.ksup.ch\/en\/people\/peter-krepper\/publications-by-peter-krepper\/#breadcrumb","itemListElement":[{"@type":"ListItem","position":1,"name":"Home","item":"https:\/\/www.ksup.ch\/en\/"},{"@type":"ListItem","position":2,"name":"Partner","item":"https:\/\/www.ksup.ch\/en\/people\/"},{"@type":"ListItem","position":3,"name":"Peter Krepper","item":"https:\/\/www.ksup.ch\/en\/people\/peter-krepper\/"},{"@type":"ListItem","position":4,"name":"Publications by Peter Krepper"}]},{"@type":"WebSite","@id":"https:\/\/www.ksup.ch\/en\/#website","url":"https:\/\/www.ksup.ch\/en\/","name":"Krepper Spring Partner","description":"Advokatur Mediation","potentialAction":[{"@type":"SearchAction","target":{"@type":"EntryPoint","urlTemplate":"https:\/\/www.ksup.ch\/en\/?s={search_term_string}"},"query-input":{"@type":"PropertyValueSpecification","valueRequired":true,"valueName":"search_term_string"}}],"inLanguage":"en-US"}]}},"_links":{"self":[{"href":"https:\/\/www.ksup.ch\/en\/wp-json\/wp\/v2\/pages\/308","targetHints":{"allow":["GET"]}}],"collection":[{"href":"https:\/\/www.ksup.ch\/en\/wp-json\/wp\/v2\/pages"}],"about":[{"href":"https:\/\/www.ksup.ch\/en\/wp-json\/wp\/v2\/types\/page"}],"author":[{"embeddable":true,"href":"https:\/\/www.ksup.ch\/en\/wp-json\/wp\/v2\/users\/8"}],"replies":[{"embeddable":true,"href":"https:\/\/www.ksup.ch\/en\/wp-json\/wp\/v2\/comments?post=308"}],"version-history":[{"count":14,"href":"https:\/\/www.ksup.ch\/en\/wp-json\/wp\/v2\/pages\/308\/revisions"}],"predecessor-version":[{"id":6936,"href":"https:\/\/www.ksup.ch\/en\/wp-json\/wp\/v2\/pages\/308\/revisions\/6936"}],"up":[{"embeddable":true,"href":"https:\/\/www.ksup.ch\/en\/wp-json\/wp\/v2\/pages\/306"}],"wp:attachment":[{"href":"https:\/\/www.ksup.ch\/en\/wp-json\/wp\/v2\/media?parent=308"}],"curies":[{"name":"wp","href":"https:\/\/api.w.org\/{rel}","templated":true}]}}